{"id":13,"date":"2013-12-18T14:37:45","date_gmt":"2013-12-18T12:37:45","guid":{"rendered":"http:\/\/praterloft.at\/?page_id=13"},"modified":"2025-08-11T00:05:58","modified_gmt":"2025-08-10T22:05:58","slug":"preise-und-verfuegbarkeit","status":"publish","type":"page","link":"https:\/\/praterloft.at\/de\/preise-und-verfuegbarkeit\/","title":{"rendered":"Preise &#038; Verf\u00fcgbarkeit"},"content":{"rendered":"<h3>Preise<\/h3>\n<p>Sie k\u00f6nnen das Loft am Anreisetag ab 14:00 Uhr beziehen. Die Abreise ist bis 11:00 Uhr m\u00f6glich. Gerne kommen wir Ihnen bei anderen Ab- und Anreisezeiten entgegen. Die Bezahlung erfolgt bei Schl\u00fcssel\u00fcbergabe. 100 \u20ac f\u00fcr 2 Personen pro Nacht. Jede weitere Person 15 \u20ac. 50 \u20ac Endreinigung. Kinder unter 6 Jahren sind nat\u00fcrlich frei. Mindestaufenthalt 4 N\u00e4chte.<\/p>\n<h3>Verf\u00fcgbarkeit<\/h3>\n<p>Haben wir noch ein Loft f\u00fcr Sie frei ? Schauen Sie in unsere Kalender.<\/p>\n\n\n<p><\/p>\n","protected":false},"excerpt":{"rendered":"<p>Preise Sie k\u00f6nnen das Loft am Anreisetag ab 14:00 Uhr beziehen. Die Abreise ist bis 11:00 Uhr m\u00f6glich. Gerne kommen wir Ihnen bei anderen Ab- und Anreisezeiten entgegen. Die Bezahlung erfolgt bei Schl\u00fcssel\u00fcbergabe. 100 \u20ac f\u00fcr 2 Personen pro Nacht. Jede weitere Person 15 \u20ac. 50 \u20ac Endreinigung. Kinder unter 6 Jahren sind nat\u00fcrlich frei. &hellip; <a href=\"https:\/\/praterloft.at\/de\/preise-und-verfuegbarkeit\/\" class=\"more-link\"><span class=\"screen-reader-text\">Preise &#038; Verf\u00fcgbarkeit<\/span> weiterlesen <span class=\"meta-nav\">&rarr;<\/span><\/a><\/p>\n","protected":false},"author":3,"featured_media":0,"parent":0,"menu_order":0,"comment_status":"closed","ping_status":"closed","template":"page--preise-und-verfuegbarkeit.php","meta":{"footnotes":""},"class_list":["post-13","page","type-page","status-publish","hentry"],"_links":{"self":[{"href":"https:\/\/praterloft.at\/de\/wp-json\/wp\/v2\/pages\/13","targetHints":{"allow":["GET"]}}],"collection":[{"href":"https:\/\/praterloft.at\/de\/wp-json\/wp\/v2\/pages"}],"about":[{"href":"https:\/\/praterloft.at\/de\/wp-json\/wp\/v2\/types\/page"}],"author":[{"embeddable":true,"href":"https:\/\/praterloft.at\/de\/wp-json\/wp\/v2\/users\/3"}],"replies":[{"embeddable":true,"href":"https:\/\/praterloft.at\/de\/wp-json\/wp\/v2\/comments?post=13"}],"version-history":[{"count":0,"href":"https:\/\/praterloft.at\/de\/wp-json\/wp\/v2\/pages\/13\/revisions"}],"wp:attachment":[{"href":"https:\/\/praterloft.at\/de\/wp-json\/wp\/v2\/media?parent=13"}],"curies":[{"name":"wp","href":"https:\/\/api.w.org\/{rel}","templated":true}]}}