{"id":15,"date":"2013-12-18T14:38:12","date_gmt":"2013-12-18T12:38:12","guid":{"rendered":"http:\/\/praterloft.at\/?page_id=15"},"modified":"2024-11-06T13:59:23","modified_gmt":"2024-11-06T11:59:23","slug":"lage-und-anreise","status":"publish","type":"page","link":"https:\/\/praterloft.at\/de\/lage-und-anreise\/","title":{"rendered":"Lage &#038; Anreise"},"content":{"rendered":"<div class=\"su-accordion su-u-trim\"> <\/p>\n<h3>Lage<\/h3>\n<p>Sie wohnen in der Ausstellungstrasse 33-35 im 2. Wiener Gemeindebezirk, der Leopoldstadt. Neben der attraktiven Lage am Wiener Prater haben Sie eine sehr gute Anbindung an die \u00f6ffentlichen Verkehrsmittel.<\/p>\n<div class=\"su-spoiler su-spoiler-style-default su-spoiler-icon-plus su-spoiler-closed\" data-scroll-offset=\"0\" data-anchor-in-url=\"no\"><div class=\"su-spoiler-title\" tabindex=\"0\" role=\"button\"><span class=\"su-spoiler-icon\"><\/span>Zu Fu\u00df erreichen Sie:<\/div><div class=\"su-spoiler-content su-u-clearfix su-u-trim\">\n<table>\n<tbody>\n<tr>\n<td>U-Bahn U2 &#8222;Messe-Prater&#8220;<\/td>\n<td>2 min<\/td>\n<\/tr>\n<tr>\n<td>U-Bahn U1 &#8222;Vorgartenstrasse&#8220;<\/td>\n<td>7 min<\/td>\n<\/tr>\n<tr>\n<td>U-Bahn U1 \/ U2 \/ Schnellbahn \/ Strassenbahn &#8222;Praterstern&#8220;<\/td>\n<td>10 min<\/td>\n<\/tr>\n<\/tbody>\n<\/table>\n<table>\n<tbody>\n<tr>\n<td>Messe Wien<\/td>\n<td>4 min<\/td>\n<\/tr>\n<tr>\n<td>Wirtschafts-Universit\u00e4t Wien<\/td>\n<td>5 min<\/td>\n<\/tr>\n<tr>\n<td>Wurstelprater \/ Riesenrad<\/td>\n<td>5 min<\/td>\n<\/tr>\n<tr>\n<td>Gr\u00fcner Prater<\/td>\n<td>10 min<\/td>\n<\/tr>\n<\/tbody>\n<\/table>\n<\/div><\/div>\n<div class=\"su-spoiler su-spoiler-style-default su-spoiler-icon-plus su-spoiler-closed\" data-scroll-offset=\"0\" data-anchor-in-url=\"no\"><div class=\"su-spoiler-title\" tabindex=\"0\" role=\"button\"><span class=\"su-spoiler-icon\"><\/span>Mit den \u00f6ffentlichen Verkehrsmitteln erreichen Sie:<\/div><div class=\"su-spoiler-content su-u-clearfix su-u-trim\">\n<table>\n<tbody>\n<tr>\n<td>Zentrum \/ Oper<\/td>\n<td>8 min<\/td>\n<\/tr>\n<tr>\n<td>Zentrum \/ Stephansplatz<\/td>\n<td>10 min<\/td>\n<\/tr>\n<tr>\n<td>Donauinsel<\/td>\n<td>10 min<\/td>\n<\/tr>\n<\/tbody>\n<\/table>\n<\/div><\/div>\n<h3>Anreise<\/h3>\n<div class=\"su-spoiler su-spoiler-style-default su-spoiler-icon-plus su-spoiler-closed\" data-scroll-offset=\"0\" data-anchor-in-url=\"no\"><div class=\"su-spoiler-title\" tabindex=\"0\" role=\"button\"><span class=\"su-spoiler-icon\"><\/span>So erreichen Sie uns mit verschiedenen Verkehrsmitteln:<\/div><div class=\"su-spoiler-content su-u-clearfix su-u-trim\"> <\/p>\n<p><strong>Mit dem Zug:<\/strong><\/p>\n<p>Ankunft Westbahnhof: U3 Richtung &#8222;Simmering&#8220; bis Station &#8222;Volkstheater&#8220; &#8211; U2 Richtung &#8222;Seestadt\/ Aspernstrasse&#8220; bis Station &#8222;Messe &#8211; Prater&#8220; &#8211; Ausgang &#8222;Prater\/ Wohlmutstrasse&#8220;. <\/p>\n<p>Ankunft Hauptbahnhof: S-Bahn Richtung &#8222;Floridsdorf&#8220; bis Station &#8222;Praterstern&#8220; &#8211; U2 Richtung &#8222;Seestadt\/ Aspernstrasse&#8220; bis Station &#8222;Messe &#8211; Prater&#8220; &#8211; Ausgang &#8222;Prater\/ Wohlmutstrasse&#8220;.<\/p>\n<p><strong>Mit dem Auto:<\/strong><\/p>\n<p>Wir empfehlen die Park &#038; Ride Anlage &#8222;Donaustadtbr\u00fccke&#8220;. Vor dort erreichen Sie direkt mit der U-Bahn U2 unsere Apartments. Kurzes Parken zum Ein- und Ausladen direkt vor dem Haus ist m\u00f6glich. Ansonsten ist das Parken vor Ort kostenpflichtig.<\/p>\n<p><strong>Mit dem Flugzeug:<\/strong><\/p>\n<p>S7 Richtung &#8222;Floridsdorf&#8220; bis Station &#8222;Praterstern&#8220; &#8211; U2 Richtung &#8222;Seestadt\/ Aspernstrasse&#8220; bis Station &#8222;Messe &#8211; Prater&#8220; &#8211; Ausgang &#8222;Prater\/ Wohlmutstrasse&#8220;.<\/p>\n<p><strong>Mit dem Fahrrad:<\/strong><\/p>\n<p>V\u00f6llig verkehrsfrei erreichen Sie uns direkt \u00fcber die Donauinsel und k\u00f6nnen Ihr Rad im Innenhof des Hauses parken.<\/p>\n<\/div><\/div> <\/p>\n<\/div>\n","protected":false},"excerpt":{"rendered":"","protected":false},"author":3,"featured_media":0,"parent":0,"menu_order":0,"comment_status":"closed","ping_status":"closed","template":"","meta":{"footnotes":""},"class_list":["post-15","page","type-page","status-publish","hentry"],"_links":{"self":[{"href":"https:\/\/praterloft.at\/de\/wp-json\/wp\/v2\/pages\/15","targetHints":{"allow":["GET"]}}],"collection":[{"href":"https:\/\/praterloft.at\/de\/wp-json\/wp\/v2\/pages"}],"about":[{"href":"https:\/\/praterloft.at\/de\/wp-json\/wp\/v2\/types\/page"}],"author":[{"embeddable":true,"href":"https:\/\/praterloft.at\/de\/wp-json\/wp\/v2\/users\/3"}],"replies":[{"embeddable":true,"href":"https:\/\/praterloft.at\/de\/wp-json\/wp\/v2\/comments?post=15"}],"version-history":[{"count":0,"href":"https:\/\/praterloft.at\/de\/wp-json\/wp\/v2\/pages\/15\/revisions"}],"wp:attachment":[{"href":"https:\/\/praterloft.at\/de\/wp-json\/wp\/v2\/media?parent=15"}],"curies":[{"name":"wp","href":"https:\/\/api.w.org\/{rel}","templated":true}]}}