{"id":17,"date":"2013-12-18T14:38:40","date_gmt":"2013-12-18T12:38:40","guid":{"rendered":"http:\/\/praterloft.at\/?page_id=17"},"modified":"2024-11-06T13:36:21","modified_gmt":"2024-11-06T11:36:21","slug":"gaestebuch","status":"publish","type":"page","link":"https:\/\/praterloft.at\/de\/gaestebuch\/","title":{"rendered":"G\u00e4stebuch"},"content":{"rendered":"<p>Teilen Sie Ihre Gedanken mit uns. Wir freuen uns auf Ihre Gr\u00fc\u00dfe und Anregungen.<\/p>\n","protected":false},"excerpt":{"rendered":"<p>Teilen Sie Ihre Gedanken mit uns. Wir freuen uns auf Ihre Gr\u00fc\u00dfe und Anregungen.<\/p>\n","protected":false},"author":3,"featured_media":0,"parent":0,"menu_order":0,"comment_status":"open","ping_status":"open","template":"guestbook--page.php","meta":{"footnotes":""},"class_list":["post-17","page","type-page","status-publish","hentry"],"_links":{"self":[{"href":"https:\/\/praterloft.at\/de\/wp-json\/wp\/v2\/pages\/17","targetHints":{"allow":["GET"]}}],"collection":[{"href":"https:\/\/praterloft.at\/de\/wp-json\/wp\/v2\/pages"}],"about":[{"href":"https:\/\/praterloft.at\/de\/wp-json\/wp\/v2\/types\/page"}],"author":[{"embeddable":true,"href":"https:\/\/praterloft.at\/de\/wp-json\/wp\/v2\/users\/3"}],"replies":[{"embeddable":true,"href":"https:\/\/praterloft.at\/de\/wp-json\/wp\/v2\/comments?post=17"}],"version-history":[{"count":0,"href":"https:\/\/praterloft.at\/de\/wp-json\/wp\/v2\/pages\/17\/revisions"}],"wp:attachment":[{"href":"https:\/\/praterloft.at\/de\/wp-json\/wp\/v2\/media?parent=17"}],"curies":[{"name":"wp","href":"https:\/\/api.w.org\/{rel}","templated":true}]}}