{"id":19,"date":"2013-12-18T14:39:15","date_gmt":"2013-12-18T12:39:15","guid":{"rendered":"http:\/\/praterloft.at\/?page_id=19"},"modified":"2024-11-06T13:25:06","modified_gmt":"2024-11-06T11:25:06","slug":"download-und-links","status":"publish","type":"page","link":"https:\/\/praterloft.at\/de\/download-und-links\/","title":{"rendered":"Downloads &#038; Links"},"content":{"rendered":"<p>Hier finden Sie Informationen zum Praterloft und eine Linksammlung f\u00fcr ihren Wienbesuch.<\/p>\n<p><a class=\"vcf\" href=\"http:\/\/praterloft.at\/wp-content\/uploads\/2014\/01\/PRATERLOFTcard.vcf\" target=\"_blank\" rel=\"noopener\">Visitenkarte<\/a> <a class=\"folder\" href=\"http:\/\/praterloft.at\/wp-content\/uploads\/2013\/12\/Praterloft-Broschuere.pdf\" target=\"_blank\" rel=\"noopener\">Brosch\u00fcre<\/a><\/p>\n<p><strong>Unsere Empfehlungen f\u00fcr Ihren Wienbesuch:<\/strong><\/p>\n<p><a title=\"www.wien.gv.at\" href=\"http:\/\/www.wien.gv.at\" target=\"_blank\" rel=\"noopener\">Stadt Wien mit Stadtplan, Events, Veranstaltungen<\/a><\/p>\n<p><a title=\"www.wienerlinien.at\" href=\"http:\/\/www.wienerlinien.at\" target=\"_blank\" rel=\"noopener\">Der \u00f6ffentliche Verkehr in Wien<\/a><\/p>\n<p><a title=\"www.oebb.at\" href=\"http:\/\/www.oebb.at\" target=\"_blank\" rel=\"noopener\">F\u00fcr Ihre Anreise mit dem Zug<\/a><\/p>\n<p><a title=\"www.pedalpower.at\" href=\"http:\/\/www.pedalpower.at\" target=\"_blank\" rel=\"noopener\">Der Fahrradverleih in der Nachbarschaft<\/a><\/p>\n<p><a title=\"www.citybikewien.at\" href=\"http:\/\/www.citybikewien.at\" target=\"_blank\" rel=\"noopener\">Eine Stunde gratis radeln mit dem Stadtrad<\/a><\/p>\n<p><a title=\"www.bundestheater.at\" href=\"http:\/\/www.bundestheater.at\" target=\"_blank\" rel=\"noopener\">Der Kartenvorverkauf von Staatsoper, Burgtheater und der Volksoper<\/a><\/p>\n<p><a title=\"www.falter.at\" href=\"http:\/\/www.falter.at\" target=\"_blank\" rel=\"noopener\">Die Wiener Stadtzeitung mit Kino- und Kulturprogramm und einem ausgezeichnetem Restaurantf\u00fchrer<\/a><\/p>\n<p><a title=\"www.stadtspionin.at\" href=\"http:\/\/www.stadtspionin.at\" target=\"_blank\" rel=\"noopener\">Das Wien Portal f\u00fcr Frauen mit w\u00f6chentlichen Ausgehtips<\/a><\/p>\n<p><a title=\"www.prater.at\" href=\"http:\/\/www.prater.at\" target=\"_blank\" rel=\"noopener\">Spa\u00df und Attraktionen im Wiener Prater<\/a><\/p>\n<p><a title=\"www.orf.at\" href=\"http:\/\/www.orf.at\" target=\"_blank\" rel=\"noopener\">\u00d6sterreichische Nachrichten mit Fernsehprogramm und Wetter<\/a><\/p>\n<p><a title=\"www.derstandard.at\" href=\"http:\/\/www.derstandard.at\" target=\"_blank\" rel=\"noopener\">\u00d6sterreichische Tageszeitung I<\/a><\/p>\n<p><a title=\"www.diepresse.com\" href=\"http:\/\/www.diepresse.com\" target=\"_blank\" rel=\"noopener\">\u00d6sterreichische Tageszeitung II<\/a><\/p>\n<p><a title=\"www.parkeninwien.at\/garage-5-275.html\" href=\"http:\/\/www.parkeninwien.at\/garage-5-275.html\" target=\"_blank\" rel=\"noopener\">Park &amp; Ride Donaustadtbr\u00fccke<\/a><\/p>\n","protected":false},"excerpt":{"rendered":"<p>Hier finden Sie Informationen zum Praterloft und eine Linksammlung f\u00fcr ihren Wienbesuch. Visitenkarte Brosch\u00fcre Unsere Empfehlungen f\u00fcr Ihren Wienbesuch: Stadt Wien mit Stadtplan, Events, Veranstaltungen Der \u00f6ffentliche Verkehr in Wien F\u00fcr Ihre Anreise mit dem Zug Der Fahrradverleih in der Nachbarschaft Eine Stunde gratis radeln mit dem Stadtrad Der Kartenvorverkauf von Staatsoper, Burgtheater und der &hellip; <a href=\"https:\/\/praterloft.at\/de\/download-und-links\/\" class=\"more-link\"><span class=\"screen-reader-text\">Downloads &#038; Links<\/span> weiterlesen <span class=\"meta-nav\">&rarr;<\/span><\/a><\/p>\n","protected":false},"author":3,"featured_media":0,"parent":0,"menu_order":0,"comment_status":"closed","ping_status":"closed","template":"","meta":{"footnotes":""},"class_list":["post-19","page","type-page","status-publish","hentry"],"_links":{"self":[{"href":"https:\/\/praterloft.at\/de\/wp-json\/wp\/v2\/pages\/19","targetHints":{"allow":["GET"]}}],"collection":[{"href":"https:\/\/praterloft.at\/de\/wp-json\/wp\/v2\/pages"}],"about":[{"href":"https:\/\/praterloft.at\/de\/wp-json\/wp\/v2\/types\/page"}],"author":[{"embeddable":true,"href":"https:\/\/praterloft.at\/de\/wp-json\/wp\/v2\/users\/3"}],"replies":[{"embeddable":true,"href":"https:\/\/praterloft.at\/de\/wp-json\/wp\/v2\/comments?post=19"}],"version-history":[{"count":0,"href":"https:\/\/praterloft.at\/de\/wp-json\/wp\/v2\/pages\/19\/revisions"}],"wp:attachment":[{"href":"https:\/\/praterloft.at\/de\/wp-json\/wp\/v2\/media?parent=19"}],"curies":[{"name":"wp","href":"https:\/\/api.w.org\/{rel}","templated":true}]}}