{"id":5,"date":"2013-12-18T14:35:54","date_gmt":"2013-12-18T12:35:54","guid":{"rendered":"http:\/\/praterloft.at\/?page_id=5"},"modified":"2024-11-05T17:23:37","modified_gmt":"2024-11-05T15:23:37","slug":"geschichte","status":"publish","type":"page","link":"https:\/\/praterloft.at\/de\/geschichte\/","title":{"rendered":"Prater"},"content":{"rendered":"<p>1766 \u00fcbergab Kaiser Joseph II. das einstige kaiserliche Jagdrevier &#8222;Prater&#8220; an die Wiener Bewohner und in der Gegend um den heutigen Praterstern breiteten sich Vergn\u00fcgungsetablissements und Gastronomiebetriebe aus. Unter den Schaustellern war auch der Pyrotechniker Johann Georg Stuwer, der ab 1774 sein Publikum mit Kunstfeuerwerken auf einer Wiese n\u00f6rdlich der sp\u00e4teren Ausstellungsstrasse beeindruckte. Das heutige Stuwerviertel erstreckt sich heute auf seinem ehemaligen Feuerwerksplatz; die dorthin f\u00fchrende Feuerwerksallee erhielt in Hinblick auf die Wiener Weltausstellung 1873 den amtlichen Namen Ausstellungsstra\u00dfe. \u00dcber die Ausstellungsstra\u00dfe verlief der Gro\u00dfteil des Verkehrs mit Pferdetramways von und zu der Weltausstellung. <\/p>\n<p>1870-1875 wurde die Donau reguliert und aus dem ehemaligen \u00dcberschwemmungsgebiet wurde Bauland. Von den 1880er Jahren an entstand an der n\u00f6rdlichen Stra\u00dfenseite ein neues Wohnviertel. Anfang des 20. Jahrhunderts war bereits ein gro\u00dfer Teil des Stuwerviertels verbaut; viele dieser Gr\u00fcnderzeith\u00e4user bestehen bis heute. 1897 wurde das Riesenrad zur Feier des 50. Thronjubil\u00e4ums Kaiser Franz Josephs I. er\u00f6ffnet.<\/p>\n","protected":false},"excerpt":{"rendered":"<p>1766 \u00fcbergab Kaiser Joseph II. das einstige kaiserliche Jagdrevier &#8222;Prater&#8220; an die Wiener Bewohner und in der Gegend um den heutigen Praterstern breiteten sich Vergn\u00fcgungsetablissements und Gastronomiebetriebe aus. Unter den Schaustellern war auch der Pyrotechniker Johann Georg Stuwer, der ab 1774 sein Publikum mit Kunstfeuerwerken auf einer Wiese n\u00f6rdlich der sp\u00e4teren Ausstellungsstrasse beeindruckte. Das heutige &hellip; <a href=\"https:\/\/praterloft.at\/de\/geschichte\/\" class=\"more-link\"><span class=\"screen-reader-text\">Prater<\/span> weiterlesen <span class=\"meta-nav\">&rarr;<\/span><\/a><\/p>\n","protected":false},"author":3,"featured_media":0,"parent":0,"menu_order":0,"comment_status":"closed","ping_status":"closed","template":"","meta":{"footnotes":""},"class_list":["post-5","page","type-page","status-publish","hentry"],"_links":{"self":[{"href":"https:\/\/praterloft.at\/de\/wp-json\/wp\/v2\/pages\/5","targetHints":{"allow":["GET"]}}],"collection":[{"href":"https:\/\/praterloft.at\/de\/wp-json\/wp\/v2\/pages"}],"about":[{"href":"https:\/\/praterloft.at\/de\/wp-json\/wp\/v2\/types\/page"}],"author":[{"embeddable":true,"href":"https:\/\/praterloft.at\/de\/wp-json\/wp\/v2\/users\/3"}],"replies":[{"embeddable":true,"href":"https:\/\/praterloft.at\/de\/wp-json\/wp\/v2\/comments?post=5"}],"version-history":[{"count":0,"href":"https:\/\/praterloft.at\/de\/wp-json\/wp\/v2\/pages\/5\/revisions"}],"wp:attachment":[{"href":"https:\/\/praterloft.at\/de\/wp-json\/wp\/v2\/media?parent=5"}],"curies":[{"name":"wp","href":"https:\/\/api.w.org\/{rel}","templated":true}]}}