{"id":51,"date":"2013-12-18T18:38:57","date_gmt":"2013-12-18T16:38:57","guid":{"rendered":"http:\/\/praterloft.at\/de\/?page_id=51"},"modified":"2024-11-06T13:18:12","modified_gmt":"2024-11-06T11:18:12","slug":"impressum","status":"publish","type":"page","link":"https:\/\/praterloft.at\/de\/impressum\/","title":{"rendered":"Impressum"},"content":{"rendered":"<p>Angaben gem\u00e4\u00df \u00a7 5 TMG:<\/p>\n<p>Praterloft<br \/>\nAusstellungsstrasse 33-35<br \/>\n3+4<br \/>\n1020 Wien<\/p>\n<p><strong>Vertreten durch:<\/strong><\/p>\n<p>Susanne Grad<\/p>\n<p><strong>Kontakt:<\/strong><\/p>\n<p>Telefon: 0043-660-6840088<br \/>\nE-Mail: <script type=\"text\/javascript\" language=\"javascript\">\/\/ <![CDATA[\nx = '&#64;';\neml = '&#109;&#97;&#105;&#108;' + x + '&#112;&#114;&#97;&#116;&#101;&#114;&#108;&#111;&#102;&#116;&#46;&#97;&#116;';\nmsg = '&#109;&#97;&#105;&#108;' + x + '&#112;&#114;&#97;&#116;&#101;&#114;&#108;&#111;&#102;&#116;&#46;&#97;&#116;';\nout = '<a href=\"mailto:' + eml + '\">' + msg + '<\/a>';\ndocument.write(out);\n\/\/ ]]><\/script><\/p>\n<p><strong>Umsatzsteuer-ID:<\/strong><\/p>\n<p>Umsatzsteuer-Identifikationsnummer gem\u00e4\u00df \u00a727 a Umsatzsteuergesetz:<br \/>\nATU67504426<\/p>\n<p><strong>Verantwortlich f\u00fcr den Inhalt nach \u00a7 55 Abs. 2 RStV:<\/strong><\/p>\n<p>Susanne Grad<br \/>\nPatrick Rosenberger<br \/>\nAusstellungsstrasse 33-35\/3+4<br \/>\n1020 Wien<\/p>\n<p>Quelle: <i><a href=\"http:\/\/www.e-recht24.de\" rel=\"nofollow\">http:\/\/www.e-recht24.de<\/a><\/i><\/p>\n<p><strong>Realisation: designb\u00fcro roth, K\u00f6ln.<\/strong><\/p>\n<p><strong>Konzept und Gestaltung<\/strong><\/p>\n<p>designb\u00fcro roth<br \/>\nMaria-Hilf-Stra\u00dfe 15-17\/C<br \/>\n50677 K\u00f6ln<br \/>\nE-Mail: <script language='javascript' type='text\/javascript'><!--\nx = '&#64;';\neml = '&#112;&#111;&#115;&#116;' + x + '&#116;&#104;&#111;&#114;&#115;&#116;&#101;&#110;&#114;&#111;&#116;&#104;&#46;&#99;&#111;&#109;';\nmsg = '&#112;&#111;&#115;&#116;' + x + '&#116;&#104;&#111;&#114;&#115;&#116;&#101;&#110;&#114;&#111;&#116;&#104;&#46;&#99;&#111;&#109;';\nout = '<a class=\"cloak_eml\" href=\"mailto:' + eml + '\">' + msg + '<\/a>';\ndocument.write(out);\n\/\/ -->\n<\/script><br \/>\nWeb: <a href=\"http:\/\/thorstenroth.com\" target=\"_blank\" rel=\"noopener\">www.thorstenroth.com<\/a><\/p>\n<p><strong>Programmierung<\/strong><\/p>\n<p>vitolution<br \/>\nMaria-Hilf-Stra\u00dfe 15-17\/C<br \/>\n50677 K\u00f6ln<br \/>\nE-Mail: <script language='javascript' type='text\/javascript'><!--\nx = '&#64;';\neml = '&#107;&#111;&#110;&#116;&#97;&#107;&#116;' + x + '&#118;&#105;&#116;&#111;&#108;&#117;&#116;&#105;&#111;&#110;&#46;&#100;&#101;';\nmsg = '&#107;&#111;&#110;&#116;&#97;&#107;&#116;' + x + '&#118;&#105;&#116;&#111;&#108;&#117;&#116;&#105;&#111;&#110;&#46;&#100;&#101;';\nout = '<a class=\"cloak_eml\" href=\"mailto:' + eml + '\">' + msg + '<\/a>';\ndocument.write(out);\n\/\/ -->\n<\/script><br \/>\nWeb: <a href=\"http:\/\/vitolution.de\" target=\"_blank\" rel=\"noopener\">www.vitolution.de<\/a><\/p>\n<p><strong>Fotos<\/strong><\/p>\n<p>Gro\u00dfer Dank geb\u00fchrt unseren Fotografen Gisela Jiresch, Natalie Verbeek und Yilmaz Vurucu.<\/p>\n","protected":false},"excerpt":{"rendered":"<p>Angaben gem\u00e4\u00df \u00a7 5 TMG: Praterloft Ausstellungsstrasse 33-35 3+4 1020 Wien Vertreten durch: Susanne Grad Kontakt: Telefon: 0043-660-6840088 E-Mail: Umsatzsteuer-ID: Umsatzsteuer-Identifikationsnummer gem\u00e4\u00df \u00a727 a Umsatzsteuergesetz: ATU67504426 Verantwortlich f\u00fcr den Inhalt nach \u00a7 55 Abs. 2 RStV: Susanne Grad Patrick Rosenberger Ausstellungsstrasse 33-35\/3+4 1020 Wien Quelle: http:\/\/www.e-recht24.de Realisation: designb\u00fcro roth, K\u00f6ln. Konzept und Gestaltung designb\u00fcro roth &hellip; <a href=\"https:\/\/praterloft.at\/de\/impressum\/\" class=\"more-link\"><span class=\"screen-reader-text\">Impressum<\/span> weiterlesen <span class=\"meta-nav\">&rarr;<\/span><\/a><\/p>\n","protected":false},"author":3,"featured_media":0,"parent":0,"menu_order":0,"comment_status":"closed","ping_status":"closed","template":"","meta":{"footnotes":""},"class_list":["post-51","page","type-page","status-publish","hentry"],"_links":{"self":[{"href":"https:\/\/praterloft.at\/de\/wp-json\/wp\/v2\/pages\/51","targetHints":{"allow":["GET"]}}],"collection":[{"href":"https:\/\/praterloft.at\/de\/wp-json\/wp\/v2\/pages"}],"about":[{"href":"https:\/\/praterloft.at\/de\/wp-json\/wp\/v2\/types\/page"}],"author":[{"embeddable":true,"href":"https:\/\/praterloft.at\/de\/wp-json\/wp\/v2\/users\/3"}],"replies":[{"embeddable":true,"href":"https:\/\/praterloft.at\/de\/wp-json\/wp\/v2\/comments?post=51"}],"version-history":[{"count":0,"href":"https:\/\/praterloft.at\/de\/wp-json\/wp\/v2\/pages\/51\/revisions"}],"wp:attachment":[{"href":"https:\/\/praterloft.at\/de\/wp-json\/wp\/v2\/media?parent=51"}],"curies":[{"name":"wp","href":"https:\/\/api.w.org\/{rel}","templated":true}]}}