{"id":7,"date":"2013-12-18T14:36:23","date_gmt":"2013-12-18T12:36:23","guid":{"rendered":"http:\/\/praterloft.at\/?page_id=7"},"modified":"2024-11-06T13:21:13","modified_gmt":"2024-11-06T11:21:13","slug":"architektur","status":"publish","type":"page","link":"https:\/\/praterloft.at\/de\/architektur\/","title":{"rendered":"Architektur"},"content":{"rendered":"<p><strong>Apartments<\/strong><\/p>\n<p>Die Verwendung von hochwertigen Materialien im Praterloft ist f\u00fcr uns als Architekten selbstverst\u00e4ndlich. Der massive L\u00e4rchenholzboden mit einer Hanfd\u00e4mmung, Holzfenster sowie ein stimmiges Farbkonzept pr\u00e4gen den Raum und erfreuen unsere G\u00e4ste. Die beeindruckende Raumh\u00f6he mit 4,20m ist im Spannungsfeld von raumhohen Durchg\u00e4ngen, Oberlichtt\u00fcren und Schiebeelemente in deren H\u00f6henstaffelung lesbar. Die S\u00fcdorientierung der Wohnr\u00e4ume gibt Licht und W\u00e4rme. Der Vorgarten bringt Distanz zur Ausstellungsstrasse und schafft einen Terrassenort f\u00fcr das gepflegte Achterl Wein am Abend vor der eigenen Haust\u00fcre. In den Wohnungen erg\u00e4nzen sich ausgesuchte &#8222;retro&#8220; M\u00f6bel aus alten Zeiten sowie moderne Klassiker mit eigens angefertigten Tischlerm\u00f6beln. \u00dcber einen Zwischenraum k\u00f6nnen die beiden Einheiten zu einem Loft f\u00fcr 9 Personen miteinander verbunden werden.<\/p>\n<p><strong>Ausstattung<\/strong><\/p>\n<p>Es ist alles f\u00fcr unsere gro\u00dfen und kleinen G\u00e4ste vorhanden und im Preis inkludiert:<br \/>\nHandt\u00fccher, Bettw\u00e4sche, WLAN, Waschmaschine und Trockner, Reisegitterbett und Hochstuhl.<br \/>\nHaustiere sind leider nicht erlaubt. Das Rauchen im Praterloft ist nicht gestattet.<\/p>\n","protected":false},"excerpt":{"rendered":"<p>Apartments Die Verwendung von hochwertigen Materialien im Praterloft ist f\u00fcr uns als Architekten selbstverst\u00e4ndlich. Der massive L\u00e4rchenholzboden mit einer Hanfd\u00e4mmung, Holzfenster sowie ein stimmiges Farbkonzept pr\u00e4gen den Raum und erfreuen unsere G\u00e4ste. Die beeindruckende Raumh\u00f6he mit 4,20m ist im Spannungsfeld von raumhohen Durchg\u00e4ngen, Oberlichtt\u00fcren und Schiebeelemente in deren H\u00f6henstaffelung lesbar. Die S\u00fcdorientierung der Wohnr\u00e4ume gibt &hellip; <a href=\"https:\/\/praterloft.at\/de\/architektur\/\" class=\"more-link\"><span class=\"screen-reader-text\">Architektur<\/span> weiterlesen <span class=\"meta-nav\">&rarr;<\/span><\/a><\/p>\n","protected":false},"author":3,"featured_media":0,"parent":0,"menu_order":0,"comment_status":"closed","ping_status":"closed","template":"","meta":{"footnotes":""},"class_list":["post-7","page","type-page","status-publish","hentry"],"_links":{"self":[{"href":"https:\/\/praterloft.at\/de\/wp-json\/wp\/v2\/pages\/7","targetHints":{"allow":["GET"]}}],"collection":[{"href":"https:\/\/praterloft.at\/de\/wp-json\/wp\/v2\/pages"}],"about":[{"href":"https:\/\/praterloft.at\/de\/wp-json\/wp\/v2\/types\/page"}],"author":[{"embeddable":true,"href":"https:\/\/praterloft.at\/de\/wp-json\/wp\/v2\/users\/3"}],"replies":[{"embeddable":true,"href":"https:\/\/praterloft.at\/de\/wp-json\/wp\/v2\/comments?post=7"}],"version-history":[{"count":0,"href":"https:\/\/praterloft.at\/de\/wp-json\/wp\/v2\/pages\/7\/revisions"}],"wp:attachment":[{"href":"https:\/\/praterloft.at\/de\/wp-json\/wp\/v2\/media?parent=7"}],"curies":[{"name":"wp","href":"https:\/\/api.w.org\/{rel}","templated":true}]}}