{"id":9,"date":"2013-12-18T14:36:57","date_gmt":"2013-12-18T12:36:57","guid":{"rendered":"http:\/\/praterloft.at\/?page_id=9"},"modified":"2025-08-11T00:07:36","modified_gmt":"2025-08-10T22:07:36","slug":"praterloft-33","status":"publish","type":"page","link":"https:\/\/praterloft.at\/de\/praterloft-33\/","title":{"rendered":"Praterloft 33"},"content":{"rendered":"<p>Das Praterloft 33 eignet sich mit ihren zwei Schlafzimmern perfekt f\u00fcr eine st\u00e4dtereisende Familie oder viele Freunde bei ihrem Wochenendtrip nach Wien.<\/p>\n<p><img loading=\"lazy\" decoding=\"async\" class=\"alignnone size-full wp-image-106\" src=\"http:\/\/praterloft.at\/wp-content\/uploads\/2013\/12\/icon-ausstattung.png\" alt=\"icon--ausstattung\" width=\"151\" height=\"150\" srcset=\"https:\/\/praterloft.at\/wp-content\/uploads\/2013\/12\/icon-ausstattung.png 151w, https:\/\/praterloft.at\/wp-content\/uploads\/2013\/12\/icon-ausstattung-150x150.png 150w\" sizes=\"auto, (max-width: 151px) 100vw, 151px\" \/><\/p>\n<h3>Ausstattung<\/h3>\n<ul>\n<li>56 m2 gro\u00df, f\u00fcr 4+1 Personen geeignet<\/li>\n<li>1 Schlafzimmer zum Vorgarten mit Doppelbett<\/li>\n<li>1 Schlafzimmer zum Innenhof mit Doppelbett, Original Wiener Kastenfenster, bei Bedarf mit Sofasessel f\u00fcr 1 weiteren Gast<\/li>\n<li>Bad mit Dusche, WC, Waschbecken, Handtuchw\u00e4rmer, F\u00f6hn<\/li>\n<li>Perfekt ausgestattete Wohnk\u00fcche mit Essplatz nach S\u00fcden: Induktionsherd, K\u00fchlschrank, Eisfach, Mikrowelle, Kaffeemaschine, Bialetti Espressokanne<\/li>\n<li>gem\u00fctliche Sitzecke mit TV und Radio<\/li>\n<\/ul>\n<p><img loading=\"lazy\" decoding=\"async\" class=\"alignnone size-full wp-image-107\" src=\"http:\/\/praterloft.at\/wp-content\/uploads\/2013\/12\/icon-preise.png\" alt=\"icon--preise\" width=\"151\" height=\"150\" srcset=\"https:\/\/praterloft.at\/wp-content\/uploads\/2013\/12\/icon-preise.png 151w, https:\/\/praterloft.at\/wp-content\/uploads\/2013\/12\/icon-preise-150x150.png 150w\" sizes=\"auto, (max-width: 151px) 100vw, 151px\" \/><\/p>\n<h3>Preise<\/h3>\n<p>Sie k\u00f6nnen das Loft am Anreisetag ab 14:00 Uhr beziehen. Die Abreise ist bis 11:00 Uhr m\u00f6glich.<br \/>\nGerne kommen wir Ihnen bei anderen Ab- und Anreisezeiten entgegen.<br \/>\nDie Bezahlung erfolgt bei Schl\u00fcssel\u00fcbergabe.<br \/>\n100\u20ac f\u00fcr 2 Personen pro Nacht. Jede weitere Person 15\u20ac.<br \/>\n50\u20ac Endreinigung.<br \/>\nKinder unter 6 Jahren sind nat\u00fcrlich frei.<br \/>\nMindestaufenthalt 4 N\u00e4chte.<\/p>\n<p><img loading=\"lazy\" decoding=\"async\" class=\"alignnone size-full wp-image-108\" src=\"http:\/\/praterloft.at\/wp-content\/uploads\/2013\/12\/icon-verfuegbarkeit.png\" alt=\"icon--verfuegbarkeit\" width=\"151\" height=\"150\" srcset=\"https:\/\/praterloft.at\/wp-content\/uploads\/2013\/12\/icon-verfuegbarkeit.png 151w, https:\/\/praterloft.at\/wp-content\/uploads\/2013\/12\/icon-verfuegbarkeit-150x150.png 150w\" sizes=\"auto, (max-width: 151px) 100vw, 151px\" \/><\/p>\n<h3><a id=\"cal\" name=\"cal\"><\/a>Verf\u00fcgbarkeit<\/h3>\n<p>Haben wir noch ein Loft f\u00fcr Sie frei? Schauen Sie in unseren Kalender.<\/p>\n<div class=\"wpsbc-container wpsbc-calendar-2\" data-id=\"2\" data-show_title=\"0\" data-months_to_show=\"1\" data-start_weekday=\"1\" data-show_legend=\"0\" data-legend_position=\"side\" data-show_button_navigation=\"1\" data-show_selector_navigation=\"1\" data-show_week_numbers=\"0\" data-current_year=\"2026\" data-current_month=\"4\" data-jump_months=\"0\" data-highlight_today=\"0\" data-history=\"1\" data-show_tooltip=\"1\" data-language=\"de\" data-min_width=\"200\" data-max_width=\"380\" ><div class=\"wpsbc-calendars-wrapper \"><div class=\"wpsbc-calendars\"><div class=\"wpsbc-calendar wpsbc-calendar-month-4 wpsbc-calendar-year-2026\"><div class=\"wpsbc-calendar-header wpsbc-heading\"><div class=\"wpsbc-calendar-header-navigation\"><a href=\"#\" class=\"wpsbc-prev\" aria-label=\"Navigate to Previous Month\"><span class=\"wpsbc-arrow\"><\/span><\/a><div class=\"wpsbc-select-container\"><select aria-label=\"Month Selector\"><option value=\"1768435200\" >Januar 2026<\/option><option value=\"1771113600\" >Februar 2026<\/option><option value=\"1773532800\" >M\u00e4rz 2026<\/option><option value=\"1776211200\"  selected='selected'>April 2026<\/option><option value=\"1778803200\" >Mai 2026<\/option><option value=\"1781481600\" >Juni 2026<\/option><option value=\"1784073600\" >Juli 2026<\/option><option value=\"1786752000\" >August 2026<\/option><option value=\"1789430400\" >September 2026<\/option><option value=\"1792022400\" >Oktober 2026<\/option><option value=\"1794700800\" >November 2026<\/option><option value=\"1797292800\" >Dezember 2026<\/option><option value=\"1799971200\" >Januar 2027<\/option><option value=\"1802649600\" >Februar 2027<\/option><option value=\"1805068800\" >M\u00e4rz 2027<\/option><option value=\"1807747200\" >April 2027<\/option><\/select><\/div><a href=\"#\" class=\"wpsbc-next\" aria-label=\"Navigate to Next Month\"><span class=\"wpsbc-arrow\"><\/span><\/a><\/div><\/div><div class=\"wpsbc-calendar-wrapper\"><table><thead><tr><th>M<\/th><th>D<\/th><th>M<\/th><th>D<\/th><th>F<\/th><th>S<\/th><th>S<\/th><\/tr><\/thead><tbody><tr><td><div class=\"wpsbc-date   wpsbc-gap \" ><div class=\"wpsbc-date-inner\"><\/div><\/div><\/td><td><div class=\"wpsbc-date   wpsbc-gap \" ><div class=\"wpsbc-date-inner\"><\/div><\/div><\/td><td><div class=\"wpsbc-date wpsbc-legend-item-2   \" data-year=\"2026\" data-month=\"4\" data-day=\"1\"><div class=\"wpsbc-legend-item-icon wpsbc-legend-item-icon-2\" data-type=\"single\"><div class=\"wpsbc-legend-item-icon-color\" ><\/div><div class=\"wpsbc-legend-item-icon-color\" ><\/div><\/div><div class=\"wpsbc-date-inner\"><span class=\"wpsbc-date-number\">1<\/span><\/div><\/div><\/td><td><div class=\"wpsbc-date wpsbc-legend-item-2   \" data-year=\"2026\" data-month=\"4\" data-day=\"2\"><div class=\"wpsbc-legend-item-icon wpsbc-legend-item-icon-2\" data-type=\"single\"><div class=\"wpsbc-legend-item-icon-color\" ><\/div><div class=\"wpsbc-legend-item-icon-color\" ><\/div><\/div><div class=\"wpsbc-date-inner\"><span class=\"wpsbc-date-number\">2<\/span><\/div><\/div><\/td><td><div class=\"wpsbc-date wpsbc-legend-item-2   \" data-year=\"2026\" data-month=\"4\" data-day=\"3\"><div class=\"wpsbc-legend-item-icon wpsbc-legend-item-icon-2\" data-type=\"single\"><div class=\"wpsbc-legend-item-icon-color\" ><\/div><div class=\"wpsbc-legend-item-icon-color\" ><\/div><\/div><div class=\"wpsbc-date-inner\"><span class=\"wpsbc-date-number\">3<\/span><\/div><\/div><\/td><td><div class=\"wpsbc-date wpsbc-legend-item-4   \" data-year=\"2026\" data-month=\"4\" data-day=\"4\"><div class=\"wpsbc-legend-item-icon wpsbc-legend-item-icon-4\" data-type=\"split\"><div class=\"wpsbc-legend-item-icon-color\" ><svg height=\"100%\" width=\"100%\" viewBox=\"0 0 50 50\" preserveAspectRatio=\"none\"><polygon points=\"0,0 0,50 50,0\" \/><\/svg><\/div><div class=\"wpsbc-legend-item-icon-color\" ><svg height=\"100%\" width=\"100%\" viewBox=\"0 0 50 50\" preserveAspectRatio=\"none\"><polygon points=\"0,50 50,50 50,0\" \/><\/svg><\/div><\/div><div class=\"wpsbc-date-inner\"><span class=\"wpsbc-date-number\">4<\/span><\/div><\/div><\/td><td><div class=\"wpsbc-date wpsbc-legend-item-1   \" data-year=\"2026\" data-month=\"4\" data-day=\"5\"><div class=\"wpsbc-legend-item-icon wpsbc-legend-item-icon-1\" data-type=\"single\"><div class=\"wpsbc-legend-item-icon-color\" ><\/div><div class=\"wpsbc-legend-item-icon-color\" ><\/div><\/div><div class=\"wpsbc-date-inner\"><span class=\"wpsbc-date-number\">5<\/span><\/div><\/div><\/td><\/tr><tr><td><div class=\"wpsbc-date wpsbc-legend-item-1   \" data-year=\"2026\" data-month=\"4\" data-day=\"6\"><div class=\"wpsbc-legend-item-icon wpsbc-legend-item-icon-1\" data-type=\"single\"><div class=\"wpsbc-legend-item-icon-color\" ><\/div><div class=\"wpsbc-legend-item-icon-color\" ><\/div><\/div><div class=\"wpsbc-date-inner\"><span class=\"wpsbc-date-number\">6<\/span><\/div><\/div><\/td><td><div class=\"wpsbc-date wpsbc-legend-item-3   \" data-year=\"2026\" data-month=\"4\" data-day=\"7\"><div class=\"wpsbc-legend-item-icon wpsbc-legend-item-icon-3\" data-type=\"split\"><div class=\"wpsbc-legend-item-icon-color\" ><svg height=\"100%\" width=\"100%\" viewBox=\"0 0 50 50\" preserveAspectRatio=\"none\"><polygon points=\"0,0 0,50 50,0\" \/><\/svg><\/div><div class=\"wpsbc-legend-item-icon-color\" ><svg height=\"100%\" width=\"100%\" viewBox=\"0 0 50 50\" preserveAspectRatio=\"none\"><polygon points=\"0,50 50,50 50,0\" \/><\/svg><\/div><\/div><div class=\"wpsbc-date-inner\"><span class=\"wpsbc-date-number\">7<\/span><\/div><\/div><\/td><td><div class=\"wpsbc-date wpsbc-legend-item-2   \" data-year=\"2026\" data-month=\"4\" data-day=\"8\"><div class=\"wpsbc-legend-item-icon wpsbc-legend-item-icon-2\" data-type=\"single\"><div class=\"wpsbc-legend-item-icon-color\" ><\/div><div class=\"wpsbc-legend-item-icon-color\" ><\/div><\/div><div class=\"wpsbc-date-inner\"><span class=\"wpsbc-date-number\">8<\/span><\/div><\/div><\/td><td><div class=\"wpsbc-date wpsbc-legend-item-2   \" data-year=\"2026\" data-month=\"4\" data-day=\"9\"><div class=\"wpsbc-legend-item-icon wpsbc-legend-item-icon-2\" data-type=\"single\"><div class=\"wpsbc-legend-item-icon-color\" ><\/div><div class=\"wpsbc-legend-item-icon-color\" ><\/div><\/div><div class=\"wpsbc-date-inner\"><span class=\"wpsbc-date-number\">9<\/span><\/div><\/div><\/td><td><div class=\"wpsbc-date wpsbc-legend-item-2   \" data-year=\"2026\" data-month=\"4\" data-day=\"10\"><div class=\"wpsbc-legend-item-icon wpsbc-legend-item-icon-2\" data-type=\"single\"><div class=\"wpsbc-legend-item-icon-color\" ><\/div><div class=\"wpsbc-legend-item-icon-color\" ><\/div><\/div><div class=\"wpsbc-date-inner\"><span class=\"wpsbc-date-number\">10<\/span><\/div><\/div><\/td><td><div class=\"wpsbc-date wpsbc-legend-item-2   \" data-year=\"2026\" data-month=\"4\" data-day=\"11\"><div class=\"wpsbc-legend-item-icon wpsbc-legend-item-icon-2\" data-type=\"single\"><div class=\"wpsbc-legend-item-icon-color\" ><\/div><div class=\"wpsbc-legend-item-icon-color\" ><\/div><\/div><div class=\"wpsbc-date-inner\"><span class=\"wpsbc-date-number\">11<\/span><\/div><\/div><\/td><td><div class=\"wpsbc-date wpsbc-legend-item-4   \" data-year=\"2026\" data-month=\"4\" data-day=\"12\"><div class=\"wpsbc-legend-item-icon wpsbc-legend-item-icon-4\" data-type=\"split\"><div class=\"wpsbc-legend-item-icon-color\" ><svg height=\"100%\" width=\"100%\" viewBox=\"0 0 50 50\" preserveAspectRatio=\"none\"><polygon points=\"0,0 0,50 50,0\" \/><\/svg><\/div><div class=\"wpsbc-legend-item-icon-color\" ><svg height=\"100%\" width=\"100%\" viewBox=\"0 0 50 50\" preserveAspectRatio=\"none\"><polygon points=\"0,50 50,50 50,0\" \/><\/svg><\/div><\/div><div class=\"wpsbc-date-inner\"><span class=\"wpsbc-date-number\">12<\/span><\/div><\/div><\/td><\/tr><tr><td><div class=\"wpsbc-date wpsbc-legend-item-1   \" data-year=\"2026\" data-month=\"4\" data-day=\"13\"><div class=\"wpsbc-legend-item-icon wpsbc-legend-item-icon-1\" data-type=\"single\"><div class=\"wpsbc-legend-item-icon-color\" ><\/div><div class=\"wpsbc-legend-item-icon-color\" ><\/div><\/div><div class=\"wpsbc-date-inner\"><span class=\"wpsbc-date-number\">13<\/span><\/div><\/div><\/td><td><div class=\"wpsbc-date wpsbc-legend-item-3   \" data-year=\"2026\" data-month=\"4\" data-day=\"14\"><div class=\"wpsbc-legend-item-icon wpsbc-legend-item-icon-3\" data-type=\"split\"><div class=\"wpsbc-legend-item-icon-color\" ><svg height=\"100%\" width=\"100%\" viewBox=\"0 0 50 50\" preserveAspectRatio=\"none\"><polygon points=\"0,0 0,50 50,0\" \/><\/svg><\/div><div class=\"wpsbc-legend-item-icon-color\" ><svg height=\"100%\" width=\"100%\" viewBox=\"0 0 50 50\" preserveAspectRatio=\"none\"><polygon points=\"0,50 50,50 50,0\" \/><\/svg><\/div><\/div><div class=\"wpsbc-date-inner\"><span class=\"wpsbc-date-number\">14<\/span><\/div><\/div><\/td><td><div class=\"wpsbc-date wpsbc-legend-item-2   \" data-year=\"2026\" data-month=\"4\" data-day=\"15\"><div class=\"wpsbc-legend-item-icon wpsbc-legend-item-icon-2\" data-type=\"single\"><div class=\"wpsbc-legend-item-icon-color\" ><\/div><div class=\"wpsbc-legend-item-icon-color\" ><\/div><\/div><div class=\"wpsbc-date-inner\"><span class=\"wpsbc-date-number\">15<\/span><\/div><\/div><\/td><td><div class=\"wpsbc-date wpsbc-legend-item-2   \" data-year=\"2026\" data-month=\"4\" data-day=\"16\"><div class=\"wpsbc-legend-item-icon wpsbc-legend-item-icon-2\" data-type=\"single\"><div class=\"wpsbc-legend-item-icon-color\" ><\/div><div class=\"wpsbc-legend-item-icon-color\" ><\/div><\/div><div class=\"wpsbc-date-inner\"><span class=\"wpsbc-date-number\">16<\/span><\/div><\/div><\/td><td><div class=\"wpsbc-date wpsbc-legend-item-2   \" data-year=\"2026\" data-month=\"4\" data-day=\"17\"><div class=\"wpsbc-legend-item-icon wpsbc-legend-item-icon-2\" data-type=\"single\"><div class=\"wpsbc-legend-item-icon-color\" ><\/div><div class=\"wpsbc-legend-item-icon-color\" ><\/div><\/div><div class=\"wpsbc-date-inner\"><span class=\"wpsbc-date-number\">17<\/span><\/div><\/div><\/td><td><div class=\"wpsbc-date wpsbc-legend-item-2   \" data-year=\"2026\" data-month=\"4\" data-day=\"18\"><div class=\"wpsbc-legend-item-icon wpsbc-legend-item-icon-2\" data-type=\"single\"><div class=\"wpsbc-legend-item-icon-color\" ><\/div><div class=\"wpsbc-legend-item-icon-color\" ><\/div><\/div><div class=\"wpsbc-date-inner\"><span class=\"wpsbc-date-number\">18<\/span><\/div><\/div><\/td><td><div class=\"wpsbc-date wpsbc-legend-item-4   \" data-year=\"2026\" data-month=\"4\" data-day=\"19\"><div class=\"wpsbc-legend-item-icon wpsbc-legend-item-icon-4\" data-type=\"split\"><div class=\"wpsbc-legend-item-icon-color\" ><svg height=\"100%\" width=\"100%\" viewBox=\"0 0 50 50\" preserveAspectRatio=\"none\"><polygon points=\"0,0 0,50 50,0\" \/><\/svg><\/div><div class=\"wpsbc-legend-item-icon-color\" ><svg height=\"100%\" width=\"100%\" viewBox=\"0 0 50 50\" preserveAspectRatio=\"none\"><polygon points=\"0,50 50,50 50,0\" \/><\/svg><\/div><\/div><div class=\"wpsbc-date-inner\"><span class=\"wpsbc-date-number\">19<\/span><\/div><\/div><\/td><\/tr><tr><td><div class=\"wpsbc-date wpsbc-legend-item-3   \" data-year=\"2026\" data-month=\"4\" data-day=\"20\"><div class=\"wpsbc-legend-item-icon wpsbc-legend-item-icon-3\" data-type=\"split\"><div class=\"wpsbc-legend-item-icon-color\" ><svg height=\"100%\" width=\"100%\" viewBox=\"0 0 50 50\" preserveAspectRatio=\"none\"><polygon points=\"0,0 0,50 50,0\" \/><\/svg><\/div><div class=\"wpsbc-legend-item-icon-color\" ><svg height=\"100%\" width=\"100%\" viewBox=\"0 0 50 50\" preserveAspectRatio=\"none\"><polygon points=\"0,50 50,50 50,0\" \/><\/svg><\/div><\/div><div class=\"wpsbc-date-inner\"><span class=\"wpsbc-date-number\">20<\/span><\/div><\/div><\/td><td><div class=\"wpsbc-date wpsbc-legend-item-2   \" data-year=\"2026\" data-month=\"4\" data-day=\"21\"><div class=\"wpsbc-legend-item-icon wpsbc-legend-item-icon-2\" data-type=\"single\"><div class=\"wpsbc-legend-item-icon-color\" ><\/div><div class=\"wpsbc-legend-item-icon-color\" ><\/div><\/div><div class=\"wpsbc-date-inner\"><span class=\"wpsbc-date-number\">21<\/span><\/div><\/div><\/td><td><div class=\"wpsbc-date wpsbc-legend-item-2   \" data-year=\"2026\" data-month=\"4\" data-day=\"22\"><div class=\"wpsbc-legend-item-icon wpsbc-legend-item-icon-2\" data-type=\"single\"><div class=\"wpsbc-legend-item-icon-color\" ><\/div><div class=\"wpsbc-legend-item-icon-color\" ><\/div><\/div><div class=\"wpsbc-date-inner\"><span class=\"wpsbc-date-number\">22<\/span><\/div><\/div><\/td><td><div class=\"wpsbc-date wpsbc-legend-item-2   \" data-year=\"2026\" data-month=\"4\" data-day=\"23\"><div class=\"wpsbc-legend-item-icon wpsbc-legend-item-icon-2\" data-type=\"single\"><div class=\"wpsbc-legend-item-icon-color\" ><\/div><div class=\"wpsbc-legend-item-icon-color\" ><\/div><\/div><div class=\"wpsbc-date-inner\"><span class=\"wpsbc-date-number\">23<\/span><\/div><\/div><\/td><td><div class=\"wpsbc-date wpsbc-legend-item-2   \" data-year=\"2026\" data-month=\"4\" data-day=\"24\"><div class=\"wpsbc-legend-item-icon wpsbc-legend-item-icon-2\" data-type=\"single\"><div class=\"wpsbc-legend-item-icon-color\" ><\/div><div class=\"wpsbc-legend-item-icon-color\" ><\/div><\/div><div class=\"wpsbc-date-inner\"><span class=\"wpsbc-date-number\">24<\/span><\/div><\/div><\/td><td><div class=\"wpsbc-date wpsbc-legend-item-2   \" data-year=\"2026\" data-month=\"4\" data-day=\"25\"><div class=\"wpsbc-legend-item-icon wpsbc-legend-item-icon-2\" data-type=\"single\"><div class=\"wpsbc-legend-item-icon-color\" ><\/div><div class=\"wpsbc-legend-item-icon-color\" ><\/div><\/div><div class=\"wpsbc-date-inner\"><span class=\"wpsbc-date-number\">25<\/span><\/div><\/div><\/td><td><div class=\"wpsbc-date wpsbc-legend-item-2   \" data-year=\"2026\" data-month=\"4\" data-day=\"26\"><div class=\"wpsbc-legend-item-icon wpsbc-legend-item-icon-2\" data-type=\"single\"><div class=\"wpsbc-legend-item-icon-color\" ><\/div><div class=\"wpsbc-legend-item-icon-color\" ><\/div><\/div><div class=\"wpsbc-date-inner\"><span class=\"wpsbc-date-number\">26<\/span><\/div><\/div><\/td><\/tr><tr><td><div class=\"wpsbc-date wpsbc-legend-item-2   \" data-year=\"2026\" data-month=\"4\" data-day=\"27\"><div class=\"wpsbc-legend-item-icon wpsbc-legend-item-icon-2\" data-type=\"single\"><div class=\"wpsbc-legend-item-icon-color\" ><\/div><div class=\"wpsbc-legend-item-icon-color\" ><\/div><\/div><div class=\"wpsbc-date-inner\"><span class=\"wpsbc-date-number\">27<\/span><\/div><\/div><\/td><td><div class=\"wpsbc-date wpsbc-legend-item-2   \" data-year=\"2026\" data-month=\"4\" data-day=\"28\"><div class=\"wpsbc-legend-item-icon wpsbc-legend-item-icon-2\" data-type=\"single\"><div class=\"wpsbc-legend-item-icon-color\" ><\/div><div class=\"wpsbc-legend-item-icon-color\" ><\/div><\/div><div class=\"wpsbc-date-inner\"><span class=\"wpsbc-date-number\">28<\/span><\/div><\/div><\/td><td><div class=\"wpsbc-date wpsbc-legend-item-2   \" data-year=\"2026\" data-month=\"4\" data-day=\"29\"><div class=\"wpsbc-legend-item-icon wpsbc-legend-item-icon-2\" data-type=\"single\"><div class=\"wpsbc-legend-item-icon-color\" ><\/div><div class=\"wpsbc-legend-item-icon-color\" ><\/div><\/div><div class=\"wpsbc-date-inner\"><span class=\"wpsbc-date-number\">29<\/span><\/div><\/div><\/td><td><div class=\"wpsbc-date wpsbc-legend-item-2   \" data-year=\"2026\" data-month=\"4\" data-day=\"30\"><div class=\"wpsbc-legend-item-icon wpsbc-legend-item-icon-2\" data-type=\"single\"><div class=\"wpsbc-legend-item-icon-color\" ><\/div><div class=\"wpsbc-legend-item-icon-color\" ><\/div><\/div><div class=\"wpsbc-date-inner\"><span class=\"wpsbc-date-number\">30<\/span><\/div><\/div><\/td><td><div class=\"wpsbc-date   wpsbc-gap \" ><div class=\"wpsbc-date-inner\"><\/div><\/div><\/td><td><div class=\"wpsbc-date   wpsbc-gap \" ><div class=\"wpsbc-date-inner\"><\/div><\/div><\/td><td><div class=\"wpsbc-date   wpsbc-gap \" ><div class=\"wpsbc-date-inner\"><\/div><\/div><\/td><\/tr><\/tbody><\/table><\/div><\/div><\/div><\/div><style>.wpsbc-container.wpsbc-calendar-2 .wpsbc-legend-item-icon-1 div:first-of-type { background-color: #58d918 !important; }.wpsbc-container.wpsbc-calendar-2 .wpsbc-legend-item-icon-1 div:nth-of-type(2) { background-color: transparent !important; }.wpsbc-container.wpsbc-calendar-2 .wpsbc-legend-item-icon-1 div:first-of-type svg { fill: #58d918 !important; }.wpsbc-container.wpsbc-calendar-2 .wpsbc-legend-item-icon-1 div:nth-of-type(2) svg { fill: transparent !important; }.wpsbc-ical-changeover .wpsbc-legend-item-icon:after {background-color: #58d918;}.wpsbc-container.wpsbc-calendar-2 .wpsbc-legend-item-icon-2 div:first-of-type { background-color: #ad120c !important; }.wpsbc-container.wpsbc-calendar-2 .wpsbc-legend-item-icon-2 div:nth-of-type(2) { background-color: transparent !important; }.wpsbc-container.wpsbc-calendar-2 .wpsbc-legend-item-icon-2 div:first-of-type svg { fill: #ad120c !important; }.wpsbc-container.wpsbc-calendar-2 .wpsbc-legend-item-icon-2 div:nth-of-type(2) svg { fill: transparent !important; }.wpsbc-container.wpsbc-calendar-2 .wpsbc-legend-item-icon-3 div:first-of-type { background-color: #58d918 !important; }.wpsbc-container.wpsbc-calendar-2 .wpsbc-legend-item-icon-3 div:nth-of-type(2) { background-color: #ad120c !important; }.wpsbc-container.wpsbc-calendar-2 .wpsbc-legend-item-icon-3 div:first-of-type svg { fill: #58d918 !important; }.wpsbc-container.wpsbc-calendar-2 .wpsbc-legend-item-icon-3 div:nth-of-type(2) svg { fill: #ad120c !important; }.wpsbc-container.wpsbc-calendar-2 .wpsbc-legend-item-icon-4 div:first-of-type { background-color: #ad120c !important; }.wpsbc-container.wpsbc-calendar-2 .wpsbc-legend-item-icon-4 div:nth-of-type(2) { background-color: #58d918 !important; }.wpsbc-container.wpsbc-calendar-2 .wpsbc-legend-item-icon-4 div:first-of-type svg { fill: #ad120c !important; }.wpsbc-container.wpsbc-calendar-2 .wpsbc-legend-item-icon-4 div:nth-of-type(2) svg { fill: #58d918 !important; }.wpsbc-container.wpsbc-calendar-2 .wpsbc-date-today .wpsbc-legend-item-icon { border: 4px solid rgba( 33,150,243, .9 ) !important; }.wpsbc-container.wpsbc-calendar-2 .wpsbc-legend-item-icon-0 div:first-of-type { background-color: #E4E4E4 !important; }<\/style><div class=\"wpsbc-container-loaded\" data-just-loaded=\"1\"><\/div><\/div>\n","protected":false},"excerpt":{"rendered":"<p>Das Praterloft 33 eignet sich mit ihren zwei Schlafzimmern perfekt f\u00fcr eine st\u00e4dtereisende Familie oder viele Freunde bei ihrem Wochenendtrip nach Wien. Ausstattung 56 m2 gro\u00df, f\u00fcr 4+1 Personen geeignet 1 Schlafzimmer zum Vorgarten mit Doppelbett 1 Schlafzimmer zum Innenhof mit Doppelbett, Original Wiener Kastenfenster, bei Bedarf mit Sofasessel f\u00fcr 1 weiteren Gast Bad mit &hellip; <a href=\"https:\/\/praterloft.at\/de\/praterloft-33\/\" class=\"more-link\"><span class=\"screen-reader-text\">Praterloft 33<\/span> weiterlesen <span class=\"meta-nav\">&rarr;<\/span><\/a><\/p>\n","protected":false},"author":3,"featured_media":0,"parent":0,"menu_order":0,"comment_status":"closed","ping_status":"closed","template":"","meta":{"footnotes":""},"class_list":["post-9","page","type-page","status-publish","hentry"],"_links":{"self":[{"href":"https:\/\/praterloft.at\/de\/wp-json\/wp\/v2\/pages\/9","targetHints":{"allow":["GET"]}}],"collection":[{"href":"https:\/\/praterloft.at\/de\/wp-json\/wp\/v2\/pages"}],"about":[{"href":"https:\/\/praterloft.at\/de\/wp-json\/wp\/v2\/types\/page"}],"author":[{"embeddable":true,"href":"https:\/\/praterloft.at\/de\/wp-json\/wp\/v2\/users\/3"}],"replies":[{"embeddable":true,"href":"https:\/\/praterloft.at\/de\/wp-json\/wp\/v2\/comments?post=9"}],"version-history":[{"count":0,"href":"https:\/\/praterloft.at\/de\/wp-json\/wp\/v2\/pages\/9\/revisions"}],"wp:attachment":[{"href":"https:\/\/praterloft.at\/de\/wp-json\/wp\/v2\/media?parent=9"}],"curies":[{"name":"wp","href":"https:\/\/api.w.org\/{rel}","templated":true}]}}